{"id":193,"date":"2026-02-25T11:56:02","date_gmt":"2026-02-25T11:56:02","guid":{"rendered":"https:\/\/live-it-ar.com\/?page_id=193"},"modified":"2026-02-26T10:10:51","modified_gmt":"2026-02-26T10:10:51","slug":"contact","status":"publish","type":"page","link":"https:\/\/live-it-ar.com\/index.php\/contact\/","title":{"rendered":"Contact"},"content":{"rendered":"<style>.kb-row-layout-id193_502bd6-32 > .kt-row-column-wrap{align-content:center;}:where(.kb-row-layout-id193_502bd6-32 > .kt-row-column-wrap) > .wp-block-kadence-column{justify-content:center;}.kb-row-layout-id193_502bd6-32 > .kt-row-column-wrap{column-gap:var(--global-kb-gap-lg, 4rem);row-gap:var(--global-kb-gap-md, 2rem);max-width:812px;padding-top:var(--global-kb-spacing-xl, 4rem);padding-bottom:var(--global-kb-spacing-xl, 4rem);grid-template-columns:minmax(0, calc(55% - ((var(--global-kb-gap-lg, 4rem) * 1 )\/2)))minmax(0, calc(45% - ((var(--global-kb-gap-lg, 4rem) * 1 )\/2)));}.kb-row-layout-id193_502bd6-32{background-color:var(--global-palette9, #ffffff);}.kb-row-layout-id193_502bd6-32 > .kt-row-layout-overlay{opacity:0.30;}@media all and (max-width: 1024px){.kb-row-layout-id193_502bd6-32 > .kt-row-column-wrap{padding-top:var(--global-kb-spacing-xl, 4rem);padding-bottom:var(--global-kb-spacing-xl, 4rem);grid-template-columns:minmax(0, 1fr);}}@media all and (max-width: 767px){.kb-row-layout-id193_502bd6-32 > .kt-row-column-wrap{grid-template-columns:minmax(0, 1fr);}}<\/style><div class=\"kb-row-layout-wrap kb-row-layout-id193_502bd6-32 alignnone has-theme-palette9-background-color kt-row-has-bg wp-block-kadence-rowlayout\"><div class=\"kt-row-column-wrap kt-has-2-columns kt-row-layout-equal kt-tab-layout-row kt-mobile-layout-row kt-row-valign-middle kt-inner-column-height-full kb-theme-content-width\">\n<style>.kadence-column193_3f26f7-7b > .kt-inside-inner-col,.kadence-column193_3f26f7-7b > .kt-inside-inner-col:before{border-top-left-radius:0px;border-top-right-radius:0px;border-bottom-right-radius:0px;border-bottom-left-radius:0px;}.kadence-column193_3f26f7-7b > .kt-inside-inner-col{column-gap:var(--global-kb-gap-sm, 1rem);}.kadence-column193_3f26f7-7b > .kt-inside-inner-col{flex-direction:column;}.kadence-column193_3f26f7-7b > .kt-inside-inner-col > .aligncenter{width:100%;}.kadence-column193_3f26f7-7b > .kt-inside-inner-col:before{opacity:0.3;}.kadence-column193_3f26f7-7b{position:relative;}@media all and (max-width: 1024px){.kadence-column193_3f26f7-7b > .kt-inside-inner-col{flex-direction:column;justify-content:center;}}@media all and (max-width: 767px){.kadence-column193_3f26f7-7b > .kt-inside-inner-col{flex-direction:column;justify-content:center;}}<\/style>\n<div class=\"wp-block-kadence-column kadence-column193_3f26f7-7b\"><div class=\"kt-inside-inner-col\"><style>.wp-block-kadence-advancedheading.kt-adv-heading193_899e85-5e, .wp-block-kadence-advancedheading.kt-adv-heading193_899e85-5e[data-kb-block=\"kb-adv-heading193_899e85-5e\"]{margin-bottom:var(--global-kb-spacing-sm, 1.5rem);font-weight:400;font-style:normal;font-family:'Playfair Display';}.wp-block-kadence-advancedheading.kt-adv-heading193_899e85-5e mark.kt-highlight, .wp-block-kadence-advancedheading.kt-adv-heading193_899e85-5e[data-kb-block=\"kb-adv-heading193_899e85-5e\"] mark.kt-highlight{font-style:normal;color:#f76a0c;-webkit-box-decoration-break:clone;box-decoration-break:clone;padding-top:0px;padding-right:0px;padding-bottom:0px;padding-left:0px;}.wp-block-kadence-advancedheading.kt-adv-heading193_899e85-5e img.kb-inline-image, .wp-block-kadence-advancedheading.kt-adv-heading193_899e85-5e[data-kb-block=\"kb-adv-heading193_899e85-5e\"] img.kb-inline-image{width:150px;vertical-align:baseline;}<\/style>\n<h2 class=\"kt-adv-heading193_899e85-5e wp-block-kadence-advancedheading\" data-kb-block=\"kb-adv-heading193_899e85-5e\"><mark style=\"background-color:rgba(0, 0, 0, 0);color:#0693e3\" class=\"has-inline-color\"><strong>Contactez-nous<\/strong><\/mark><\/h2>\n\n\n\n<p class=\"wp-block-paragraph\">Contactez-nous en remplissant le formulaire ci-dessous. Nous nous engageons \u00e0 r\u00e9pondre dans les plus brefs d\u00e9lais.<\/p>\n\n\n<style>.wp-block-kadence-advanced-form221-cpt-id .kb-advanced-form input[type=text],.wp-block-kadence-advanced-form221-cpt-id .kb-advanced-form input[type=tel],.wp-block-kadence-advanced-form221-cpt-id .kb-advanced-form input[type=number],.wp-block-kadence-advanced-form221-cpt-id .kb-advanced-form input[type=date],.wp-block-kadence-advanced-form221-cpt-id .kb-advanced-form input[type=time],.wp-block-kadence-advanced-form221-cpt-id .kb-advanced-form input[type=email],.wp-block-kadence-advanced-form221-cpt-id .kb-advanced-form input[type=file],.wp-block-kadence-advanced-form221-cpt-id .kb-advanced-form select,.wp-block-kadence-advanced-form221-cpt-id .kb-advanced-form textarea{color:var(--global-palette3, #1A202C);border-top:1px solid var(--global-palette6, #718096);border-right:1px solid var(--global-palette6, #718096);border-bottom:1px solid var(--global-palette6, #718096);border-left:1px solid var(--global-palette6, #718096);}.wp-block-kadence-advanced-form221-cpt-id{color-scheme:dark;--kb-form-text-color:var(--global-palette3, #1A202C);--kb-form-background-color:var(--global-palette9, #ffffff);--kb-form-border-width:1px;--kb-form-border-color:var(--global-palette6, #718096);}.wp-block-kadence-advanced-form221-cpt-id{--kb-form-placeholder-color:var(--global-palette6, #718096);}@media all and (max-width: 1024px){.wp-block-kadence-advanced-form221-cpt-id .kb-advanced-form input[type=text],.wp-block-kadence-advanced-form221-cpt-id .kb-advanced-form input[type=tel],.wp-block-kadence-advanced-form221-cpt-id .kb-advanced-form input[type=number],.wp-block-kadence-advanced-form221-cpt-id .kb-advanced-form input[type=date],.wp-block-kadence-advanced-form221-cpt-id .kb-advanced-form input[type=time],.wp-block-kadence-advanced-form221-cpt-id .kb-advanced-form input[type=email],.wp-block-kadence-advanced-form221-cpt-id .kb-advanced-form input[type=file],.wp-block-kadence-advanced-form221-cpt-id .kb-advanced-form select,.wp-block-kadence-advanced-form221-cpt-id .kb-advanced-form textarea{border-top:1px solid var(--global-palette6, #718096);border-right:1px solid var(--global-palette6, #718096);border-bottom:1px solid var(--global-palette6, #718096);border-left:1px solid var(--global-palette6, #718096);}}@media all and (max-width: 767px){.wp-block-kadence-advanced-form221-cpt-id .kb-advanced-form input[type=text],.wp-block-kadence-advanced-form221-cpt-id .kb-advanced-form input[type=tel],.wp-block-kadence-advanced-form221-cpt-id .kb-advanced-form input[type=number],.wp-block-kadence-advanced-form221-cpt-id .kb-advanced-form input[type=date],.wp-block-kadence-advanced-form221-cpt-id .kb-advanced-form input[type=time],.wp-block-kadence-advanced-form221-cpt-id .kb-advanced-form input[type=email],.wp-block-kadence-advanced-form221-cpt-id .kb-advanced-form input[type=file],.wp-block-kadence-advanced-form221-cpt-id .kb-advanced-form select,.wp-block-kadence-advanced-form221-cpt-id .kb-advanced-form textarea{border-top:1px solid var(--global-palette6, #718096);border-right:1px solid var(--global-palette6, #718096);border-bottom:1px solid var(--global-palette6, #718096);border-left:1px solid var(--global-palette6, #718096);}}<\/style><div class=\"wp-block-kadence-advanced-form wp-block-kadence-advanced-form221-cpt-id kb-adv-form-label-style-infield kb-adv-form-input-size-standard kb-form-basic-style kb-form-is-dark wp-block-kadence-advanced-form\"><form id=\"kb-adv-form-221-cpt-id\" class=\"kb-advanced-form\" method=\"post\">\n<style>.kb-row-layout-id193_02b8ec-83 > .kt-row-column-wrap{align-content:start;}:where(.kb-row-layout-id193_02b8ec-83 > .kt-row-column-wrap) > .wp-block-kadence-column{justify-content:start;}.kb-row-layout-id193_02b8ec-83 > .kt-row-column-wrap{column-gap:var(--global-kb-gap-md, 2rem);row-gap:var(--global-kb-gap-md, 2rem);padding-top:0px;padding-right:0px;padding-bottom:0px;padding-left:0px;grid-template-columns:repeat(2, minmax(0, 1fr));}.kb-row-layout-id193_02b8ec-83 > .kt-row-layout-overlay{opacity:0.30;}@media all and (max-width: 1024px){.kb-row-layout-id193_02b8ec-83 > .kt-row-column-wrap{grid-template-columns:repeat(2, minmax(0, 1fr));}}@media all and (max-width: 767px){.kb-row-layout-id193_02b8ec-83 > .kt-row-column-wrap{grid-template-columns:minmax(0, 1fr);}}<\/style><div class=\"kb-row-layout-wrap kb-row-layout-id193_02b8ec-83 alignnone wp-block-kadence-rowlayout\"><div class=\"kt-row-column-wrap kt-has-2-columns kt-row-layout-equal kt-tab-layout-inherit kt-mobile-layout-row kt-row-valign-top\">\n<style>.kadence-column193_f97e4e-bd > .kt-inside-inner-col,.kadence-column193_f97e4e-bd > .kt-inside-inner-col:before{border-top-left-radius:0px;border-top-right-radius:0px;border-bottom-right-radius:0px;border-bottom-left-radius:0px;}.kadence-column193_f97e4e-bd > .kt-inside-inner-col{column-gap:var(--global-kb-gap-sm, 1rem);}.kadence-column193_f97e4e-bd > .kt-inside-inner-col{flex-direction:column;}.kadence-column193_f97e4e-bd > .kt-inside-inner-col > .aligncenter{width:100%;}.kadence-column193_f97e4e-bd > .kt-inside-inner-col:before{opacity:0.3;}.kadence-column193_f97e4e-bd{position:relative;}@media all and (max-width: 1024px){.kadence-column193_f97e4e-bd > .kt-inside-inner-col{flex-direction:column;justify-content:center;}}@media all and (max-width: 767px){.kadence-column193_f97e4e-bd > .kt-inside-inner-col{flex-direction:column;justify-content:center;}}<\/style>\n<div class=\"wp-block-kadence-column kadence-column193_f97e4e-bd\"><div class=\"kt-inside-inner-col\"><div class=\"kb-adv-form-field kb-adv-form-text-type-input kb-adv-form-infield-type-input kb-field221a7ec82-50 wp-block-kadence-advanced-form-text\"><label class=\"kb-adv-form-label\" for=\"field221a7ec82-50\">Nom<span class=\"kb-adv-form-required\">*<\/span><\/label><input name=\"fielda7ec82-50\" id=\"field221a7ec82-50\" data-label=\"Nom\" type=\"text\" placeholder=\"\" value=\"\" data-type=\"text\" class=\"kb-field kb-text-field\" data-required=\"yes\" required aria-required=\"true\"\/><\/div><\/div><\/div>\n\n\n<style>.kadence-column193_f4dc2d-62 > .kt-inside-inner-col,.kadence-column193_f4dc2d-62 > .kt-inside-inner-col:before{border-top-left-radius:0px;border-top-right-radius:0px;border-bottom-right-radius:0px;border-bottom-left-radius:0px;}.kadence-column193_f4dc2d-62 > .kt-inside-inner-col{column-gap:var(--global-kb-gap-sm, 1rem);}.kadence-column193_f4dc2d-62 > .kt-inside-inner-col{flex-direction:column;}.kadence-column193_f4dc2d-62 > .kt-inside-inner-col > .aligncenter{width:100%;}.kadence-column193_f4dc2d-62 > .kt-inside-inner-col:before{opacity:0.3;}.kadence-column193_f4dc2d-62{position:relative;}@media all and (max-width: 1024px){.kadence-column193_f4dc2d-62 > .kt-inside-inner-col{flex-direction:column;justify-content:center;}}@media all and (max-width: 767px){.kadence-column193_f4dc2d-62 > .kt-inside-inner-col{flex-direction:column;justify-content:center;}}<\/style>\n<div class=\"wp-block-kadence-column kadence-column193_f4dc2d-62\"><div class=\"kt-inside-inner-col\"><div class=\"kb-adv-form-field kb-adv-form-text-type-input kb-adv-form-infield-type-input kb-field2218caf3c-e2 wp-block-kadence-advanced-form-email\"><label class=\"kb-adv-form-label\" for=\"field2218caf3c-e2\">Email<span class=\"kb-adv-form-required\">*<\/span><\/label><input name=\"field8caf3c-e2\" id=\"field2218caf3c-e2\" data-label=\"Email\" type=\"email\" placeholder=\"\" value=\"\" data-type=\"email\" class=\"kb-field kb-email-field\" data-required=\"yes\" required aria-required=\"true\"\/><\/div><\/div><\/div>\n\n<\/div><\/div>\n\n<div class=\"kb-adv-form-field kb-adv-form-text-type-input kb-adv-form-infield-type-input kb-field2213438a9-74 wp-block-kadence-advanced-form-textarea\"><label class=\"kb-adv-form-label\" for=\"field2213438a9-74\">Message<span class=\"kb-adv-form-required\">*<\/span><\/label><textarea name=\"field3438a9-74\" id=\"field2213438a9-74\" rows=\"3\"  data-label=\"Message\" placeholder=\"\" data-type=\"textarea\" class=\"kb-field kb-textarea-field\" data-required=\"yes\" required aria-required=\"true\"><\/textarea><\/div>\n\n<style>ul.menu .kb-submit-field .kb-btn512dde-b5.kb-button{width:initial;}.kb-submit-field .kb-btn512dde-b5.kb-button{color:#1136c5;background:rgba(242,131,198,0.61);}.kb-submit-field .kb-btn512dde-b5.kb-button:hover, .kb-submit-field .kb-btn512dde-b5.kb-button:focus{background:rgba(242,131,198,0.87);}.kb-submit-field.kb-field512dde-b5{justify-content:flex-start;}<\/style><div class=\"kb-adv-form-field kb-submit-field kb-field512dde-b5 wp-block-kadence-advanced-form-submit\"><button class=\"kb-button kt-button button kb-adv-form-submit-button kb-btn512dde-b5 kt-btn-size-standard kt-btn-width-type-auto kb-btn-global-inherit kt-btn-has-text-true kt-btn-has-svg-false wp-block-button__link\" type=\"submit\"><span class=\"kt-btn-inner-text\">Envoyer<\/span><\/button><\/div>\n<input type=\"hidden\" name=\"_kb_adv_form_post_id\" value=\"221\"><input type=\"hidden\" name=\"action\" value=\"kb_process_advanced_form_submit\"><input type=\"hidden\" name=\"_kb_adv_form_id\" value=\"221-cpt-id\"><\/form><\/div><\/div><\/div>\n\n\n<style>.kadence-column193_8f3d4e-6a > .kt-inside-inner-col{padding-top:var(--global-kb-spacing-md, 2rem);padding-right:var(--global-kb-spacing-md, 2rem);padding-bottom:var(--global-kb-spacing-md, 2rem);padding-left:var(--global-kb-spacing-md, 2rem);}.kadence-column193_8f3d4e-6a > .kt-inside-inner-col,.kadence-column193_8f3d4e-6a > .kt-inside-inner-col:before{border-top-left-radius:20px;border-top-right-radius:20px;border-bottom-right-radius:20px;border-bottom-left-radius:20px;}.kadence-column193_8f3d4e-6a > .kt-inside-inner-col{column-gap:var(--global-kb-gap-sm, 1rem);}.kadence-column193_8f3d4e-6a > .kt-inside-inner-col{flex-direction:column;}.kadence-column193_8f3d4e-6a > .kt-inside-inner-col > .aligncenter{width:100%;}.kadence-column193_8f3d4e-6a > .kt-inside-inner-col{background-color:rgba(242, 131, 198, 0.13);}.kadence-column193_8f3d4e-6a > .kt-inside-inner-col:before{opacity:0.3;}.kadence-column193_8f3d4e-6a{position:relative;}@media all and (max-width: 1024px){.kadence-column193_8f3d4e-6a > .kt-inside-inner-col{flex-direction:column;justify-content:center;}}@media all and (max-width: 767px){.kadence-column193_8f3d4e-6a > .kt-inside-inner-col{flex-direction:column;justify-content:center;}}<\/style>\n<div class=\"wp-block-kadence-column kadence-column193_8f3d4e-6a kvs-md-false kvs-sm-false\"><div class=\"kt-inside-inner-col\"><style>.wp-block-kadence-image.kb-image193_b1ed0a-d9:not(.kb-specificity-added):not(.kb-extra-specificity-added){margin-bottom:0px;}.kb-image193_b1ed0a-d9 .kb-image-has-overlay:after{opacity:0.3;border-top-left-radius:20px;border-top-right-radius:20px;border-bottom-right-radius:20px;border-bottom-left-radius:20px;}.kb-image193_b1ed0a-d9 img.kb-img, .kb-image193_b1ed0a-d9 .kb-img img{border-top-left-radius:20px;border-top-right-radius:20px;border-bottom-right-radius:20px;border-bottom-left-radius:20px;}<\/style>\n<figure class=\"wp-block-kadence-image kb-image193_b1ed0a-d9 size-large kb-filter-mayfair kb-image-is-ratio-size\"><div class=\"kb-is-ratio-image kb-image-ratio-square\"><img loading=\"lazy\" decoding=\"async\" width=\"683\" height=\"1024\" src=\"https:\/\/live-it-ar.com\/wp-content\/uploads\/2026\/02\/adult-using-smartphone-and-laptop-on-a-marble-table-for-tech-work.-4977468-683x1024.jpg\" alt=\"Adult using smartphone and laptop on a marble table for tech work.\" class=\"kb-img wp-image-213\" srcset=\"https:\/\/live-it-ar.com\/wp-content\/uploads\/2026\/02\/adult-using-smartphone-and-laptop-on-a-marble-table-for-tech-work.-4977468-683x1024.jpg 683w, https:\/\/live-it-ar.com\/wp-content\/uploads\/2026\/02\/adult-using-smartphone-and-laptop-on-a-marble-table-for-tech-work.-4977468-200x300.jpg 200w, https:\/\/live-it-ar.com\/wp-content\/uploads\/2026\/02\/adult-using-smartphone-and-laptop-on-a-marble-table-for-tech-work.-4977468-768x1152.jpg 768w, https:\/\/live-it-ar.com\/wp-content\/uploads\/2026\/02\/adult-using-smartphone-and-laptop-on-a-marble-table-for-tech-work.-4977468-1024x1536.jpg 1024w, https:\/\/live-it-ar.com\/wp-content\/uploads\/2026\/02\/adult-using-smartphone-and-laptop-on-a-marble-table-for-tech-work.-4977468-1365x2048.jpg 1365w, https:\/\/live-it-ar.com\/wp-content\/uploads\/2026\/02\/adult-using-smartphone-and-laptop-on-a-marble-table-for-tech-work.-4977468-scaled.jpg 1707w\" sizes=\"auto, (max-width: 683px) 100vw, 683px\" \/><\/div><\/figure>\n<\/div><\/div>\n\n<\/div><\/div>","protected":false},"excerpt":{"rendered":"<p>Contactez-nous Contactez-nous en remplissant le formulaire ci-dessous. Nous nous engageons \u00e0 r\u00e9pondre dans les plus brefs d\u00e9lais.<\/p>\n","protected":false},"author":2,"featured_media":0,"parent":0,"menu_order":0,"comment_status":"closed","ping_status":"closed","template":"","meta":{"zakra_page_container_layout":"customizer","zakra_page_sidebar_layout":"customizer","zakra_remove_content_margin":false,"zakra_sidebar":"customizer","zakra_transparent_header":"customizer","zakra_logo":0,"zakra_main_header_style":"default","zakra_menu_item_color":"","zakra_menu_item_hover_color":"","zakra_menu_item_active_color":"","zakra_menu_active_style":"","zakra_page_header":true,"_crdt_document":"","footnotes":""},"class_list":["post-193","page","type-page","status-publish","hentry"],"_links":{"self":[{"href":"https:\/\/live-it-ar.com\/index.php\/wp-json\/wp\/v2\/pages\/193","targetHints":{"allow":["GET"]}}],"collection":[{"href":"https:\/\/live-it-ar.com\/index.php\/wp-json\/wp\/v2\/pages"}],"about":[{"href":"https:\/\/live-it-ar.com\/index.php\/wp-json\/wp\/v2\/types\/page"}],"author":[{"embeddable":true,"href":"https:\/\/live-it-ar.com\/index.php\/wp-json\/wp\/v2\/users\/2"}],"replies":[{"embeddable":true,"href":"https:\/\/live-it-ar.com\/index.php\/wp-json\/wp\/v2\/comments?post=193"}],"version-history":[{"count":32,"href":"https:\/\/live-it-ar.com\/index.php\/wp-json\/wp\/v2\/pages\/193\/revisions"}],"predecessor-version":[{"id":241,"href":"https:\/\/live-it-ar.com\/index.php\/wp-json\/wp\/v2\/pages\/193\/revisions\/241"}],"wp:attachment":[{"href":"https:\/\/live-it-ar.com\/index.php\/wp-json\/wp\/v2\/media?parent=193"}],"curies":[{"name":"wp","href":"https:\/\/api.w.org\/{rel}","templated":true}]}}