{"id":95,"date":"2026-02-23T12:52:46","date_gmt":"2026-02-23T12:52:46","guid":{"rendered":"https:\/\/live-it-ar.com\/?page_id=95"},"modified":"2026-03-03T10:19:29","modified_gmt":"2026-03-03T10:19:29","slug":"accueil","status":"publish","type":"page","link":"https:\/\/live-it-ar.com\/","title":{"rendered":"Accueil"},"content":{"rendered":"<style>.kb-row-layout-id95_09747e-1a > .kt-row-column-wrap{align-content:start;}:where(.kb-row-layout-id95_09747e-1a > .kt-row-column-wrap) > .wp-block-kadence-column{justify-content:start;}.kb-row-layout-id95_09747e-1a > .kt-row-column-wrap{column-gap:var(--global-kb-gap-md, 2rem);row-gap:var(--global-kb-gap-md, 2rem);max-width:812px;padding-top:var(--global-kb-spacing-5xl, 10rem);padding-bottom:var(--global-kb-spacing-5xl, 10rem);grid-template-columns:minmax(0, calc(40% - ((var(--global-kb-gap-md, 2rem) * 1 )\/2)))minmax(0, calc(60% - ((var(--global-kb-gap-md, 2rem) * 1 )\/2)));}.kb-row-layout-id95_09747e-1a{border-top:40px solid var(--global-palette8, #F7FAFC);border-bottom:40px solid var(--global-palette8, #F7FAFC);}.kb-row-layout-id95_09747e-1a{background-color:rgba(10,10,10,0);background-image:url('https:\/\/live-it-ar.com\/wp-content\/uploads\/2026\/02\/james-yarema-E-CdfbrnnFs-unsplash-3.jpg');background-size:cover;background-position:18% 48%;background-attachment:scroll;background-repeat:no-repeat;}.kb-row-layout-id95_09747e-1a > .kt-row-layout-overlay{opacity:1;background:linear-gradient(90deg,var(--global-palette8,#F7FAFC) 30%,rgba(255,255,255,0) 30%);}@media all and (max-width: 1024px){.kb-row-layout-id95_09747e-1a > .kt-row-column-wrap{column-gap:var(--global-kb-gap-md, 2rem);grid-template-columns:minmax(0, 2fr) minmax(0, 1fr);}}@media all and (max-width: 1024px){.kb-row-layout-id95_09747e-1a{border-top:40px solid var(--global-palette8, #F7FAFC);border-bottom:40px solid var(--global-palette8, #F7FAFC);}}@media all and (max-width: 767px){.kb-row-layout-id95_09747e-1a > .kt-row-column-wrap{padding-top:var(--global-kb-spacing-lg, 3rem);padding-bottom:var(--global-kb-spacing-lg, 3rem);grid-template-columns:minmax(0, 1fr);}.kb-row-layout-id95_09747e-1a{border-top:40px solid var(--global-palette8, #F7FAFC);border-bottom:40px solid var(--global-palette8, #F7FAFC);}.kb-row-layout-id95_09747e-1a > .kt-row-layout-overlay{opacity:0.00;}}<\/style><div class=\"kb-row-layout-wrap kb-row-layout-id95_09747e-1a alignfull kt-row-has-bg wp-block-kadence-rowlayout\"><div class=\"kt-row-layout-overlay kt-row-overlay-gradient\"><\/div><div class=\"kt-row-column-wrap kt-has-2-columns kt-row-layout-equal kt-tab-layout-left-golden kt-mobile-layout-row kt-row-valign-top kb-theme-content-width\">\n<style>.kadence-column95_4f66c4-df > .kt-inside-inner-col,.kadence-column95_4f66c4-df > .kt-inside-inner-col:before{border-top-left-radius:0px;border-top-right-radius:0px;border-bottom-right-radius:0px;border-bottom-left-radius:0px;}.kadence-column95_4f66c4-df > .kt-inside-inner-col{column-gap:var(--global-kb-gap-sm, 1rem);}.kadence-column95_4f66c4-df > .kt-inside-inner-col{flex-direction:column;}.kadence-column95_4f66c4-df > .kt-inside-inner-col > .aligncenter{width:100%;}.kadence-column95_4f66c4-df > .kt-inside-inner-col:before{opacity:0.3;}.kadence-column95_4f66c4-df{position:relative;}@media all and (max-width: 1024px){.kadence-column95_4f66c4-df > .kt-inside-inner-col{flex-direction:column;justify-content:center;}}@media all and (max-width: 767px){.kadence-column95_4f66c4-df > .kt-inside-inner-col{flex-direction:column;justify-content:center;}}<\/style>\n<div class=\"wp-block-kadence-column kadence-column95_4f66c4-df\"><div class=\"kt-inside-inner-col\"><style>.kadence-column95_25f997-50 > .kt-inside-inner-col{padding-top:var(--global-kb-spacing-xl, 4rem);padding-right:var(--global-kb-spacing-xl, 4rem);padding-bottom:var(--global-kb-spacing-xl, 4rem);padding-left:var(--global-kb-spacing-xl, 4rem);}.kadence-column95_25f997-50 > .kt-inside-inner-col,.kadence-column95_25f997-50 > .kt-inside-inner-col:before{border-top-left-radius:7px;border-top-right-radius:7px;border-bottom-right-radius:7px;border-bottom-left-radius:7px;}.kadence-column95_25f997-50 > .kt-inside-inner-col{column-gap:var(--global-kb-gap-sm, 1rem);}.kadence-column95_25f997-50 > .kt-inside-inner-col{flex-direction:column;}.kadence-column95_25f997-50 > .kt-inside-inner-col > .aligncenter{width:100%;}.kadence-column95_25f997-50 > .kt-inside-inner-col{background-color:var(--global-palette9, #ffffff);}.kadence-column95_25f997-50 > .kt-inside-inner-col:before{opacity:0.3;}.kadence-column95_25f997-50{position:relative;}@media all and (max-width: 1024px){.kadence-column95_25f997-50 > .kt-inside-inner-col{flex-direction:column;justify-content:center;}}@media all and (max-width: 767px){.kadence-column95_25f997-50 > .kt-inside-inner-col{padding-top:var(--global-kb-spacing-md, 2rem);padding-right:var(--global-kb-spacing-md, 2rem);padding-bottom:var(--global-kb-spacing-md, 2rem);padding-left:var(--global-kb-spacing-md, 2rem);flex-direction:column;justify-content:center;}}<\/style>\n<div class=\"wp-block-kadence-column kadence-column95_25f997-50 kb-section-dir-vertical\"><div class=\"kt-inside-inner-col\"><style>.wp-block-kadence-advancedheading.kt-adv-heading95_a32fa1-0e, .wp-block-kadence-advancedheading.kt-adv-heading95_a32fa1-0e[data-kb-block=\"kb-adv-heading95_a32fa1-0e\"]{margin-bottom:var(--global-kb-spacing-xs, 1rem);font-size:32px;line-height:1.3;font-weight:400;font-style:normal;font-family:'Playfair Display';}.wp-block-kadence-advancedheading.kt-adv-heading95_a32fa1-0e mark.kt-highlight, .wp-block-kadence-advancedheading.kt-adv-heading95_a32fa1-0e[data-kb-block=\"kb-adv-heading95_a32fa1-0e\"] mark.kt-highlight{font-style:normal;color:#f76a0c;-webkit-box-decoration-break:clone;box-decoration-break:clone;padding-top:0px;padding-right:0px;padding-bottom:0px;padding-left:0px;}.wp-block-kadence-advancedheading.kt-adv-heading95_a32fa1-0e img.kb-inline-image, .wp-block-kadence-advancedheading.kt-adv-heading95_a32fa1-0e[data-kb-block=\"kb-adv-heading95_a32fa1-0e\"] img.kb-inline-image{width:150px;vertical-align:baseline;}<\/style>\n<h2 class=\"kt-adv-heading95_a32fa1-0e wp-block-kadence-advancedheading\" data-kb-block=\"kb-adv-heading95_a32fa1-0e\">Utiliser la <mark style=\"background-color:rgba(0, 0, 0, 0)\" class=\"has-inline-color has-kb-palette-2-color\">r\u00e9alit\u00e9 augment\u00e9e<\/mark> pour se <mark style=\"background-color:rgba(0, 0, 0, 0);color:#0693e3\" class=\"has-inline-color\">former<\/mark> et <mark style=\"background-color:rgba(0, 0, 0, 0);color:#0693e3\" class=\"has-inline-color\">d\u00e9stigmatiser<\/mark> ses repr\u00e9sentations sur les <mark style=\"background-color:rgba(0, 0, 0, 0)\" class=\"has-inline-color has-kb-palette-2-color\">troubles psychiques<\/mark><\/h2>\n\n\n\n<p class=\"wp-block-paragraph\"><br><em><em><em>Lutter contre les pr\u00e9jug\u00e9s en montrant la r\u00e9alit\u00e9 des troubles psychiques.<\/em><\/em><\/em><\/p>\n\n\n<style>.kadence-column95_919c68-7b > .kt-inside-inner-col{display:flex;}.kadence-column95_919c68-7b > .kt-inside-inner-col,.kadence-column95_919c68-7b > .kt-inside-inner-col:before{border-top-left-radius:0px;border-top-right-radius:0px;border-bottom-right-radius:0px;border-bottom-left-radius:0px;}.kadence-column95_919c68-7b > .kt-inside-inner-col{column-gap:var(--global-kb-gap-sm, 1rem);}.kadence-column95_919c68-7b > .kt-inside-inner-col{flex-direction:row;flex-wrap:wrap;align-items:center;}.kadence-column95_919c68-7b > .kt-inside-inner-col > *, .kadence-column95_919c68-7b > .kt-inside-inner-col > figure.wp-block-image, .kadence-column95_919c68-7b > .kt-inside-inner-col > figure.wp-block-kadence-image{margin-top:0px;margin-bottom:0px;}.kadence-column95_919c68-7b > .kt-inside-inner-col > .kb-image-is-ratio-size{flex-grow:1;}.kadence-column95_919c68-7b > .kt-inside-inner-col:before{opacity:0.3;}.kadence-column95_919c68-7b{position:relative;}@media all and (max-width: 1024px){.kadence-column95_919c68-7b > .kt-inside-inner-col{flex-direction:row;flex-wrap:wrap;align-items:center;}}@media all and (min-width: 768px) and (max-width: 1024px){.kadence-column95_919c68-7b > .kt-inside-inner-col > *, .kadence-column95_919c68-7b > .kt-inside-inner-col > figure.wp-block-image, .kadence-column95_919c68-7b > .kt-inside-inner-col > figure.wp-block-kadence-image{margin-top:0px;margin-bottom:0px;}.kadence-column95_919c68-7b > .kt-inside-inner-col > .kb-image-is-ratio-size{flex-grow:1;}}@media all and (max-width: 767px){.kadence-column95_919c68-7b > .kt-inside-inner-col{flex-direction:row;flex-wrap:wrap;justify-content:flex-start;}.kadence-column95_919c68-7b > .kt-inside-inner-col > *, .kadence-column95_919c68-7b > .kt-inside-inner-col > figure.wp-block-image, .kadence-column95_919c68-7b > .kt-inside-inner-col > figure.wp-block-kadence-image{margin-top:0px;margin-bottom:0px;}.kadence-column95_919c68-7b > .kt-inside-inner-col > .kb-image-is-ratio-size{flex-grow:1;}}<\/style>\n<div class=\"wp-block-kadence-column kadence-column95_919c68-7b kb-section-dir-horizontal\"><div class=\"kt-inside-inner-col\"><style>.wp-block-kadence-advancedbtn.kb-btns95_a48cab-de{gap:var(--global-kb-gap-xs, 0.5rem );justify-content:flex-start;align-items:center;}.kt-btns95_a48cab-de .kt-button{font-weight:normal;font-style:normal;}.kt-btns95_a48cab-de .kt-btn-wrap-0{margin-right:5px;}.wp-block-kadence-advancedbtn.kt-btns95_a48cab-de .kt-btn-wrap-0 .kt-button{color:#555555;border-color:#555555;}.wp-block-kadence-advancedbtn.kt-btns95_a48cab-de .kt-btn-wrap-0 .kt-button:hover, .wp-block-kadence-advancedbtn.kt-btns95_a48cab-de .kt-btn-wrap-0 .kt-button:focus{color:#ffffff;border-color:#444444;}.wp-block-kadence-advancedbtn.kt-btns95_a48cab-de .kt-btn-wrap-0 .kt-button::before{display:none;}.wp-block-kadence-advancedbtn.kt-btns95_a48cab-de .kt-btn-wrap-0 .kt-button:hover, .wp-block-kadence-advancedbtn.kt-btns95_a48cab-de .kt-btn-wrap-0 .kt-button:focus{background:#444444;}<\/style>\n<div class=\"wp-block-kadence-advancedbtn kb-buttons-wrap kb-btns95_a48cab-de\"><style>ul.menu .wp-block-kadence-advancedbtn .kb-btn95_3d654c-66.kb-button{width:initial;}.wp-block-kadence-advancedbtn .kb-btn95_3d654c-66.kb-button{color:#1136c5;background:rgba(242,131,198,0.61);font-size:13px;font-family:'Playfair Display';font-weight:400;border-top-color:rgba(6,147,227,0);border-top-style:solid;border-right-color:rgba(6,147,227,0);border-right-style:solid;border-bottom-color:rgba(6,147,227,0);border-bottom-style:solid;border-left-color:rgba(6,147,227,0);border-left-style:solid;}.wp-block-kadence-advancedbtn .kb-btn95_3d654c-66.kb-button:hover, .wp-block-kadence-advancedbtn .kb-btn95_3d654c-66.kb-button:focus{background:rgba(242,131,198,0.87);}@media all and (max-width: 1024px){.wp-block-kadence-advancedbtn .kb-btn95_3d654c-66.kb-button{border-top-color:rgba(6,147,227,0);border-top-style:solid;border-right-color:rgba(6,147,227,0);border-right-style:solid;border-bottom-color:rgba(6,147,227,0);border-bottom-style:solid;border-left-color:rgba(6,147,227,0);border-left-style:solid;}}@media all and (max-width: 767px){.wp-block-kadence-advancedbtn .kb-btn95_3d654c-66.kb-button{border-top-color:rgba(6,147,227,0);border-top-style:solid;border-right-color:rgba(6,147,227,0);border-right-style:solid;border-bottom-color:rgba(6,147,227,0);border-bottom-style:solid;border-left-color:rgba(6,147,227,0);border-left-style:solid;}}<\/style><a class=\"kb-button kt-button button kb-btn95_3d654c-66 kt-btn-size-standard kt-btn-width-type-auto kb-btn-global-outline  kt-btn-has-text-true kt-btn-has-svg-true  wp-block-kadence-singlebtn\" href=\"https:\/\/live-it-ar.com\/index.php\/nos-simulations\/\"><span class=\"kt-btn-inner-text\">Voir nos simulations disponibles<\/span><span class=\"kb-svg-icon-wrap kb-svg-icon-fe_arrowRight kt-btn-icon-side-right\"><svg viewBox=\"0 0 24 24\"  fill=\"none\" stroke=\"currentColor\" stroke-width=\"2\" stroke-linecap=\"round\" stroke-linejoin=\"round\" xmlns=\"http:\/\/www.w3.org\/2000\/svg\"  aria-hidden=\"true\"><line x1=\"5\" y1=\"12\" x2=\"19\" y2=\"12\"\/><polyline points=\"12 5 19 12 12 19\"\/><\/svg><\/span><\/a><\/div>\n<\/div><\/div>\n<\/div><\/div>\n<\/div><\/div>\n\n\n<style>.kadence-column95_ae8cc3-b9 > .kt-inside-inner-col{display:flex;}.kadence-column95_ae8cc3-b9 > .kt-inside-inner-col,.kadence-column95_ae8cc3-b9 > .kt-inside-inner-col:before{border-top-left-radius:0px;border-top-right-radius:0px;border-bottom-right-radius:0px;border-bottom-left-radius:0px;}.kadence-column95_ae8cc3-b9 > .kt-inside-inner-col{column-gap:var(--global-kb-gap-sm, 1rem);}.kadence-column95_ae8cc3-b9 > .kt-inside-inner-col{flex-direction:column;justify-content:center;}.kadence-column95_ae8cc3-b9 > .kt-inside-inner-col > .aligncenter{width:100%;}.kt-row-column-wrap > .kadence-column95_ae8cc3-b9{align-self:center;}.kt-inner-column-height-full:not(.kt-has-1-columns) > .wp-block-kadence-column.kadence-column95_ae8cc3-b9{align-self:auto;}.kt-inner-column-height-full:not(.kt-has-1-columns) > .wp-block-kadence-column.kadence-column95_ae8cc3-b9 > .kt-inside-inner-col{flex-direction:column;justify-content:center;}.kadence-column95_ae8cc3-b9 > .kt-inside-inner-col:before{opacity:0.3;}.kadence-column95_ae8cc3-b9{position:relative;}@media all and (max-width: 1024px){.kt-row-column-wrap > .kadence-column95_ae8cc3-b9{align-self:center;}}@media all and (max-width: 1024px){.kt-inner-column-height-full:not(.kt-has-1-columns) > .wp-block-kadence-column.kadence-column95_ae8cc3-b9{align-self:auto;}}@media all and (max-width: 1024px){.kt-inner-column-height-full:not(.kt-has-1-columns) > .wp-block-kadence-column.kadence-column95_ae8cc3-b9 > .kt-inside-inner-col{flex-direction:column;justify-content:center;}}@media all and (max-width: 1024px){.kadence-column95_ae8cc3-b9 > .kt-inside-inner-col{flex-direction:column;justify-content:center;}}@media all and (max-width: 767px){.kt-row-column-wrap > .kadence-column95_ae8cc3-b9{align-self:center;}.kt-inner-column-height-full:not(.kt-has-1-columns) > .wp-block-kadence-column.kadence-column95_ae8cc3-b9{align-self:auto;}.kt-inner-column-height-full:not(.kt-has-1-columns) > .wp-block-kadence-column.kadence-column95_ae8cc3-b9 > .kt-inside-inner-col{flex-direction:column;justify-content:center;}.kadence-column95_ae8cc3-b9 > .kt-inside-inner-col{flex-direction:column;justify-content:center;}}<\/style>\n<div class=\"wp-block-kadence-column kadence-column95_ae8cc3-b9\"><div class=\"kt-inside-inner-col\">\n<blockquote class=\"wp-block-quote has-background is-layout-flow wp-block-quote-is-layout-flow\" style=\"background-color:#fafafac2\">\n<p class=\"has-black-color has-text-color has-link-color wp-elements-35d122b905bd72bc998722fa4ab920f6 wp-block-paragraph\" style=\"font-style:normal;font-weight:400\"><strong><mark style=\"background-color:rgba(0, 0, 0, 0);color:#f460b9\" class=\"has-inline-color\">Live-It<\/mark>&nbsp;<\/strong>r\u00e9volutionne la&nbsp;<strong>formation aux troubles psychiques<\/strong>&nbsp;gr\u00e2ce \u00e0 la r\u00e9alit\u00e9 augment\u00e9e. Nos modules permettent aux professionnel\u00b7le\u00b7s de sant\u00e9, enseignant\u00b7e\u00b7s et accompagnant\u00b7e\u00b7s :<\/p>\n\n\n\n<ul class=\"wp-block-list\">\n<li class=\"has-black-color has-text-color has-link-color wp-elements-3dc8958503a503e5fac761794e0340ee\" style=\"font-style:normal;font-weight:400\">d&rsquo;<mark style=\"background-color:rgba(0, 0, 0, 0);color:#0736e3\" class=\"has-inline-color\"><strong>Ex<\/strong><\/mark><strong><mark style=\"background-color:rgba(0, 0, 0, 0);color:#1136c5\" class=\"has-inline-color\">p\u00e9rimenter les sympt\u00f4mes<\/mark><\/strong>&nbsp;(hallucinations, anh\u00e9donie, etc.) pour mieux les comprendre.<\/li>\n\n\n\n<li class=\"has-black-color has-text-color has-link-color wp-elements-ca20b1cd2e434e0a1758ae6f0afb38eb\" style=\"font-style:normal;font-weight:400\">de <strong><mark style=\"background-color:rgba(0, 0, 0, 0);color:#1136c5\" class=\"has-inline-color\">s\u2019Entra\u00eener \u00e0 bien accompagner<\/mark><\/strong><mark style=\"background-color:rgba(0, 0, 0, 0);color:#0693e3\" class=\"has-inline-color\">&nbsp;<\/mark>via des mises en situation interactives.<\/li>\n\n\n\n<li class=\"has-black-color has-text-color has-link-color wp-elements-6fd3e04b0a5089d025a408d0186cb3c7\" style=\"font-style:normal;font-weight:400\">de<strong><mark style=\"background-color:rgba(0, 0, 0, 0);color:#00000012\" class=\"has-inline-color\"> <\/mark><mark style=\"background-color:rgba(0, 0, 0, 0);color:#1136c5\" class=\"has-inline-color\">D\u00e9stigmatiser ses repr\u00e9sentations<\/mark> <\/strong>avec des outils p\u00e9dagogiques innovants.<\/li>\n<\/ul>\n\n\n\n<p class=\"has-text-color has-link-color wp-elements-ccc139c61a5f59c07bc8f2154c79edf7 wp-block-paragraph\" style=\"color:#2f2f2f\">Bas\u00e9s sur des&nbsp;<strong>donn\u00e9es scientifiques<\/strong>&nbsp;et co-construits avec des usager\u00b7\u00e8re\u00b7s, nos sc\u00e9narios offrent une immersion unique pour&nbsp;<strong>former sans juger, comprendre sans pr\u00e9sumer<\/strong>.<\/p>\n<\/blockquote>\n<\/div><\/div>\n\n\n<style>.kadence-column95_94de5f-36 > .kt-inside-inner-col{display:flex;}.kadence-column95_94de5f-36 > .kt-inside-inner-col,.kadence-column95_94de5f-36 > .kt-inside-inner-col:before{border-top-left-radius:0px;border-top-right-radius:0px;border-bottom-right-radius:0px;border-bottom-left-radius:0px;}.kadence-column95_94de5f-36 > .kt-inside-inner-col{column-gap:var(--global-kb-gap-sm, 1rem);}.kadence-column95_94de5f-36 > .kt-inside-inner-col{flex-direction:column;justify-content:center;}.kadence-column95_94de5f-36 > .kt-inside-inner-col > .aligncenter{width:100%;}.kt-row-column-wrap > .kadence-column95_94de5f-36{align-self:center;}.kt-inner-column-height-full:not(.kt-has-1-columns) > .wp-block-kadence-column.kadence-column95_94de5f-36{align-self:auto;}.kt-inner-column-height-full:not(.kt-has-1-columns) > .wp-block-kadence-column.kadence-column95_94de5f-36 > .kt-inside-inner-col{flex-direction:column;justify-content:center;}.kadence-column95_94de5f-36 > .kt-inside-inner-col:before{opacity:0.3;}.kadence-column95_94de5f-36{position:relative;}@media all and (max-width: 1024px){.kt-row-column-wrap > .kadence-column95_94de5f-36{align-self:center;}}@media all and (max-width: 1024px){.kt-inner-column-height-full:not(.kt-has-1-columns) > .wp-block-kadence-column.kadence-column95_94de5f-36{align-self:auto;}}@media all and (max-width: 1024px){.kt-inner-column-height-full:not(.kt-has-1-columns) > .wp-block-kadence-column.kadence-column95_94de5f-36 > .kt-inside-inner-col{flex-direction:column;justify-content:center;}}@media all and (max-width: 1024px){.kadence-column95_94de5f-36 > .kt-inside-inner-col{flex-direction:column;justify-content:center;}}@media all and (max-width: 767px){.kt-row-column-wrap > .kadence-column95_94de5f-36{align-self:center;}.kt-inner-column-height-full:not(.kt-has-1-columns) > .wp-block-kadence-column.kadence-column95_94de5f-36{align-self:auto;}.kt-inner-column-height-full:not(.kt-has-1-columns) > .wp-block-kadence-column.kadence-column95_94de5f-36 > .kt-inside-inner-col{flex-direction:column;justify-content:center;}.kadence-column95_94de5f-36 > .kt-inside-inner-col{flex-direction:column;justify-content:center;}}<\/style>\n<div class=\"wp-block-kadence-column kadence-column95_94de5f-36\"><div class=\"kt-inside-inner-col\"><\/div><\/div>\n\n<\/div><\/div>","protected":false},"excerpt":{"rendered":"<p>Utiliser la r\u00e9alit\u00e9 augment\u00e9e pour se former et d\u00e9stigmatiser ses repr\u00e9sentations sur les troubles psychiques Lutter contre les pr\u00e9jug\u00e9s en montrant la r\u00e9alit\u00e9 des troubles psychiques. Live-It&nbsp;r\u00e9volutionne la&nbsp;formation aux troubles psychiques&nbsp;gr\u00e2ce \u00e0 la r\u00e9alit\u00e9 augment\u00e9e. Nos modules permettent aux professionnel\u00b7le\u00b7s de sant\u00e9, enseignant\u00b7e\u00b7s et accompagnant\u00b7e\u00b7s : Bas\u00e9s sur des&nbsp;donn\u00e9es scientifiques&nbsp;et co-construits avec des usager\u00b7\u00e8re\u00b7s, nos [&hellip;]<\/p>\n","protected":false},"author":2,"featured_media":0,"parent":0,"menu_order":0,"comment_status":"closed","ping_status":"closed","template":"","meta":{"zakra_page_container_layout":"customizer","zakra_page_sidebar_layout":"customizer","zakra_remove_content_margin":false,"zakra_sidebar":"customizer","zakra_transparent_header":"customizer","zakra_logo":0,"zakra_main_header_style":"default","zakra_menu_item_color":"","zakra_menu_item_hover_color":"","zakra_menu_item_active_color":"","zakra_menu_active_style":"","zakra_page_header":true,"_crdt_document":"","footnotes":""},"class_list":["post-95","page","type-page","status-publish","hentry"],"_links":{"self":[{"href":"https:\/\/live-it-ar.com\/index.php\/wp-json\/wp\/v2\/pages\/95","targetHints":{"allow":["GET"]}}],"collection":[{"href":"https:\/\/live-it-ar.com\/index.php\/wp-json\/wp\/v2\/pages"}],"about":[{"href":"https:\/\/live-it-ar.com\/index.php\/wp-json\/wp\/v2\/types\/page"}],"author":[{"embeddable":true,"href":"https:\/\/live-it-ar.com\/index.php\/wp-json\/wp\/v2\/users\/2"}],"replies":[{"embeddable":true,"href":"https:\/\/live-it-ar.com\/index.php\/wp-json\/wp\/v2\/comments?post=95"}],"version-history":[{"count":79,"href":"https:\/\/live-it-ar.com\/index.php\/wp-json\/wp\/v2\/pages\/95\/revisions"}],"predecessor-version":[{"id":326,"href":"https:\/\/live-it-ar.com\/index.php\/wp-json\/wp\/v2\/pages\/95\/revisions\/326"}],"wp:attachment":[{"href":"https:\/\/live-it-ar.com\/index.php\/wp-json\/wp\/v2\/media?parent=95"}],"curies":[{"name":"wp","href":"https:\/\/api.w.org\/{rel}","templated":true}]}}